{"id":916,"date":"2025-03-10T13:55:57","date_gmt":"2025-03-10T12:55:57","guid":{"rendered":"https:\/\/ginzler.werbedrogerie.at\/?page_id=916"},"modified":"2025-03-10T14:01:35","modified_gmt":"2025-03-10T13:01:35","slug":"impressum","status":"publish","type":"page","link":"https:\/\/www.ginzler.com\/en\/impressum\/","title":{"rendered":"Impressum"},"content":{"rendered":"<div data-elementor-type=\"wp-page\" data-elementor-id=\"916\" class=\"elementor elementor-916\" data-elementor-post-type=\"page\">\n\t\t\t\t\t\t<section class=\"elementor-section elementor-top-section elementor-element elementor-element-4457ba3 elementor-section-boxed elementor-section-height-default elementor-section-height-default\" data-id=\"4457ba3\" data-element_type=\"section\">\n\t\t\t\t\t\t<div class=\"elementor-container elementor-column-gap-no\">\n\t\t\t\t\t<div class=\"elementor-column elementor-col-100 elementor-top-column elementor-element elementor-element-e17efef\" data-id=\"e17efef\" data-element_type=\"column\">\n\t\t\t<div class=\"elementor-widget-wrap elementor-element-populated\">\n\t\t\t\t\t\t<section class=\"elementor-section elementor-inner-section elementor-element elementor-element-5dfa95f elementor-section-boxed elementor-section-height-default elementor-section-height-default\" data-id=\"5dfa95f\" data-element_type=\"section\">\n\t\t\t\t\t\t<div class=\"elementor-container elementor-column-gap-no\">\n\t\t\t\t\t<div class=\"elementor-column elementor-col-100 elementor-inner-column elementor-element elementor-element-02c6397\" data-id=\"02c6397\" data-element_type=\"column\">\n\t\t\t<div class=\"elementor-widget-wrap elementor-element-populated\">\n\t\t\t\t\t\t<div class=\"elementor-element elementor-element-e7018f7 elementor-widget elementor-widget-heading\" data-id=\"e7018f7\" data-element_type=\"widget\" data-widget_type=\"heading.default\">\n\t\t\t\t<div class=\"elementor-widget-container\">\n\t\t\t\t\t<h2 class=\"elementor-heading-title elementor-size-default\">Impressum<\/h2>\t\t\t\t<\/div>\n\t\t\t\t<\/div>\n\t\t\t\t<div class=\"elementor-element elementor-element-816e00c elementor-widget__width-initial elementor-widget-mobile__width-inherit elementor-widget-tablet__width-inherit elementor-widget elementor-widget-text-editor\" data-id=\"816e00c\" data-element_type=\"widget\" data-widget_type=\"text-editor.default\">\n\t\t\t\t<div class=\"elementor-widget-container\">\n\t\t\t\t\t\t\t\t\t<p>Die vorliegende Website ist ein Online-Angebot im Internet. Unter dieser Web-Adresse und allf\u00e4lliger Subdomains werden umfangreiche Informations- und Onlinedienste zu Produkten und Leistungen unseres Unternehmens bereitgestellt.<\/p><p>Ginzler GmbH<br \/>Clemens-Holzmeister-Stra\u00dfe 3<br \/>A-3300 Amstetten<\/p><p><strong>Telefonnummer:<\/strong>+ 43 7472 62747 \u2013 0<br \/><strong>E-Mail: <\/strong>office@ginzler.com<\/p><p><strong>Website:<\/strong> www.ginzler.com<\/p><p><strong>Firmenname: <\/strong>Ginzler GmbH<br \/><strong>Firmenbuchnummer: <\/strong> FN 447654 s<br \/><strong>Firmengericht:<\/strong> Landesgericht St. P\u00f6lten<\/p><p><strong>Gesch\u00e4ftsf\u00fchrung<\/strong>: Ing. Hubert Ginzler<\/p><p><strong>UID-Nr.: <\/strong>ATU 70374178<br \/><strong>Beh\u00f6rde gem. E-Commerce Gesetz: <\/strong>Bezirkshauptmannschaft Amstetten<br \/><strong>Kammerzugeh\u00f6rigkeit<\/strong>: Wirtschaftskammer N\u00d6<\/p><p><strong>Haftung f\u00fcr Inhalte<\/strong><br \/>Als Dienstanbieter sind wir f\u00fcr eigene Inhalte auf diesen Seiten nach den allgemeinen Gesetzen verantwortlich. Als Diensteanbieter sind wir jedoch nicht verpflichtet, \u00fcbermittelte oder gespeicherte fremde Informationen zu \u00fcberwachen oder nach Umst\u00e4nden zu forschen, die auf eine rechtswidrige T\u00e4tigkeit hinweisen.<br \/>Verpflichtungen zur Entfernung oder Sperrung der Nutzung von Informationen nach den allgemeinen Gesetzen bleiben hiervon unber\u00fchrt. Eine diesbez\u00fcgliche Haftung ist jedoch erst ab dem Zeitpunkt der Kenntnis einer konkreten Rechtsverletzung m\u00f6glich. Bei Bekanntwerden von entsprechenden Rechtsverletzungen werden wir diese Inhalte umgehend entfernen.<\/p><p><strong>Haftung f\u00fcr Links<\/strong><br \/>Unser Angebot enth\u00e4lt Links zu externen Websites Dritter, auf deren Inhalte wir keinen Einfluss haben. Deshalb k\u00f6nnen wir f\u00fcr diese fremden Inhalte auch keine Gew\u00e4hr \u00fcbernehmen. F\u00fcr die Inhalte der verlinkten Seiten ist stets der jeweilige Anbieter oder Betreiber der Seiten verantwortlich. Die verlinkten Seiten wurden zum Zeitpunkt der Verlinkung auf m\u00f6gliche Rechtsverst\u00f6\u00dfe \u00fcberpr\u00fcft. Rechtswidrige Inhalte waren zum Zeitpunkt der Verlinkung nicht erkennbar.<br \/>Eine permanente inhaltliche Kontrolle der verlinkten Seiten ist jedoch ohne konkrete Anhaltspunkte einer Rechtsverletzung nicht zumutbar. Bei Bekanntwerden von Rechtsverletzungen werden wir derartige Links umgehend entfernen.<\/p><p><strong>Urheberrecht<\/strong><br \/>Die durch die Seitenbetreiber erstellten Inhalte und Werke auf diesen Seiten unterliegen dem Urheberrecht. Die Vervielf\u00e4ltigung, Bearbeitung, Verbreitung und jede Art der Verwertung au\u00dferhalb der Grenzen des Urheberrechts bed\u00fcrften der schriftlichen Zustimmung des jeweiligen Autors bzw. Erstellers. Downloads und Kopien dieser Seite sind nur f\u00fcr den privaten, nicht kommerziellen Gebrauch gestattet.<br \/>Soweit die Inhalte auf dieser Seite nicht vom Betreiber erstellt wurden, werden die Urheberrechts Dritter beachtet. Insbesondere werden Inhalte Dritter als solche gekennzeichnet. Sollten Sie trotzdem auf eine Urheberrechtsverletzung aufmerksam werden, bitten wir um einen entsprechenden Hinweis. Bei Bekanntwerden von Rechtsverletzungen werden wir derartige Inhalte umgehend entfernen.<\/p><p><strong>Umsetzung<\/strong><br \/>Werbedrogerie, <a href=\"http:\/\/www.werbedrogerie.at\"><strong>www.werbedrogerie.at<\/strong><\/a><\/p><p>\u00a0<\/p>\t\t\t\t\t\t\t\t<\/div>\n\t\t\t\t<\/div>\n\t\t\t\t\t<\/div>\n\t\t<\/div>\n\t\t\t\t\t<\/div>\n\t\t<\/section>\n\t\t\t\t\t<\/div>\n\t\t<\/div>\n\t\t\t\t\t<\/div>\n\t\t<\/section>\n\t\t\t\t<\/div>","protected":false},"excerpt":{"rendered":"<p>Impressum Die vorliegende Website ist ein Online-Angebot im Internet. Unter dieser Web-Adresse und allf\u00e4lliger Subdomains werden umfangreiche Informations- und Onlinedienste zu Produkten und Leistungen unseres Unternehmens bereitgestellt. Ginzler GmbHClemens-Holzmeister-Stra\u00dfe 3A-3300 Amstetten Telefonnummer:+ 43 7472 62747 \u2013 0E-Mail: office@ginzler.com Website: www.ginzler.com Firmenname: Ginzler GmbHFirmenbuchnummer: FN 447654 sFirmengericht: Landesgericht St. P\u00f6lten Gesch\u00e4ftsf\u00fchrung: Ing. Hubert Ginzler UID-Nr.: ATU [&hellip;]<\/p>","protected":false},"author":1,"featured_media":0,"parent":0,"menu_order":0,"comment_status":"closed","ping_status":"closed","template":"elementor_header_footer","meta":{"footnotes":""},"class_list":["post-916","page","type-page","status-publish","hentry"],"_links":{"self":[{"href":"https:\/\/www.ginzler.com\/en\/wp-json\/wp\/v2\/pages\/916","targetHints":{"allow":["GET"]}}],"collection":[{"href":"https:\/\/www.ginzler.com\/en\/wp-json\/wp\/v2\/pages"}],"about":[{"href":"https:\/\/www.ginzler.com\/en\/wp-json\/wp\/v2\/types\/page"}],"author":[{"embeddable":true,"href":"https:\/\/www.ginzler.com\/en\/wp-json\/wp\/v2\/users\/1"}],"replies":[{"embeddable":true,"href":"https:\/\/www.ginzler.com\/en\/wp-json\/wp\/v2\/comments?post=916"}],"version-history":[{"count":10,"href":"https:\/\/www.ginzler.com\/en\/wp-json\/wp\/v2\/pages\/916\/revisions"}],"predecessor-version":[{"id":927,"href":"https:\/\/www.ginzler.com\/en\/wp-json\/wp\/v2\/pages\/916\/revisions\/927"}],"wp:attachment":[{"href":"https:\/\/www.ginzler.com\/en\/wp-json\/wp\/v2\/media?parent=916"}],"curies":[{"name":"wp","href":"https:\/\/api.w.org\/{rel}","templated":true}]}}