{"id":629,"date":"2025-03-06T09:28:13","date_gmt":"2025-03-06T08:28:13","guid":{"rendered":"https:\/\/ginzler.werbedrogerie.at\/?page_id=629"},"modified":"2025-03-06T09:28:13","modified_gmt":"2025-03-06T08:28:13","slug":"unternehmen-alt","status":"publish","type":"page","link":"https:\/\/www.ginzler.com\/en\/unternehmen-alt\/","title":{"rendered":"Unternehmen alt"},"content":{"rendered":"<div data-elementor-type=\"wp-page\" data-elementor-id=\"629\" class=\"elementor elementor-629\" data-elementor-post-type=\"page\">\n\t\t\t\t\t\t<section class=\"elementor-section elementor-top-section elementor-element elementor-element-619ecbe elementor-section-boxed elementor-section-height-default elementor-section-height-default\" data-id=\"619ecbe\" data-element_type=\"section\">\n\t\t\t\t\t\t<div class=\"elementor-container elementor-column-gap-no\">\n\t\t\t\t\t<div class=\"elementor-column elementor-col-100 elementor-top-column elementor-element elementor-element-f37614b\" data-id=\"f37614b\" data-element_type=\"column\">\n\t\t\t<div class=\"elementor-widget-wrap elementor-element-populated\">\n\t\t\t\t\t\t<section class=\"elementor-section elementor-inner-section elementor-element elementor-element-8aec783 elementor-section-boxed elementor-section-height-default elementor-section-height-default\" data-id=\"8aec783\" data-element_type=\"section\">\n\t\t\t\t\t\t<div class=\"elementor-container elementor-column-gap-no\">\n\t\t\t\t\t<div class=\"elementor-column elementor-col-50 elementor-inner-column elementor-element elementor-element-6575aa3\" data-id=\"6575aa3\" data-element_type=\"column\">\n\t\t\t<div class=\"elementor-widget-wrap elementor-element-populated\">\n\t\t\t\t\t\t<div class=\"elementor-element elementor-element-1232b3f elementor-widget elementor-widget-heading\" data-id=\"1232b3f\" data-element_type=\"widget\" data-widget_type=\"heading.default\">\n\t\t\t\t<div class=\"elementor-widget-container\">\n\t\t\t\t\t<h2 class=\"elementor-heading-title elementor-size-default\">Company<\/h2>\t\t\t\t<\/div>\n\t\t\t\t<\/div>\n\t\t\t\t<div class=\"elementor-element elementor-element-f10d410 elementor-widget elementor-widget-heading\" data-id=\"f10d410\" data-element_type=\"widget\" data-widget_type=\"heading.default\">\n\t\t\t\t<div class=\"elementor-widget-container\">\n\t\t\t\t\t<h3 class=\"elementor-heading-title elementor-size-default\">We strive for good performance and impeccable quality. <\/h3>\t\t\t\t<\/div>\n\t\t\t\t<\/div>\n\t\t\t\t\t<\/div>\n\t\t<\/div>\n\t\t\t\t<div class=\"elementor-column elementor-col-50 elementor-inner-column elementor-element elementor-element-76d34b2\" data-id=\"76d34b2\" data-element_type=\"column\">\n\t\t\t<div class=\"elementor-widget-wrap elementor-element-populated\">\n\t\t\t\t\t\t<div class=\"elementor-element elementor-element-ef6c3ed elementor-widget-tablet__width-inherit elementor-widget__width-initial elementor-widget elementor-widget-heading\" data-id=\"ef6c3ed\" data-element_type=\"widget\" data-widget_type=\"heading.default\">\n\t\t\t\t<div class=\"elementor-widget-container\">\n\t\t\t\t\t<h4 class=\"elementor-heading-title elementor-size-default\">We are a traditional manufacturer of high-performance, durable machines and constructions.<\/h4>\t\t\t\t<\/div>\n\t\t\t\t<\/div>\n\t\t\t\t\t<\/div>\n\t\t<\/div>\n\t\t\t\t\t<\/div>\n\t\t<\/section>\n\t\t\t\t<div class=\"elementor-element elementor-element-991bc60 elementor-widget elementor-widget-image\" data-id=\"991bc60\" data-element_type=\"widget\" data-widget_type=\"image.default\">\n\t\t\t\t<div class=\"elementor-widget-container\">\n\t\t\t\t\t\t\t\t\t\t\t\t\t\t\t<img fetchpriority=\"high\" decoding=\"async\" width=\"1800\" height=\"1286\" src=\"https:\/\/www.ginzler.com\/wp-content\/uploads\/2024\/10\/gisaqua-12.jpg\" class=\"attachment-full size-full wp-image-85\" alt=\"\" srcset=\"https:\/\/www.ginzler.com\/wp-content\/uploads\/2024\/10\/gisaqua-12.jpg 1800w, https:\/\/www.ginzler.com\/wp-content\/uploads\/2024\/10\/gisaqua-12-300x214.jpg 300w, https:\/\/www.ginzler.com\/wp-content\/uploads\/2024\/10\/gisaqua-12-1024x732.jpg 1024w, https:\/\/www.ginzler.com\/wp-content\/uploads\/2024\/10\/gisaqua-12-768x549.jpg 768w, https:\/\/www.ginzler.com\/wp-content\/uploads\/2024\/10\/gisaqua-12-1536x1097.jpg 1536w\" sizes=\"(max-width: 1800px) 100vw, 1800px\" \/>\t\t\t\t\t\t\t\t\t\t\t\t\t\t\t<\/div>\n\t\t\t\t<\/div>\n\t\t\t\t\t<\/div>\n\t\t<\/div>\n\t\t\t\t\t<\/div>\n\t\t<\/section>\n\t\t\t\t<section class=\"elementor-section elementor-top-section elementor-element elementor-element-3519652 elementor-section-boxed elementor-section-height-default elementor-section-height-default\" data-id=\"3519652\" data-element_type=\"section\">\n\t\t\t\t\t\t<div class=\"elementor-container elementor-column-gap-no\">\n\t\t\t\t\t<div class=\"elementor-column elementor-col-50 elementor-top-column elementor-element elementor-element-fdfd5e7\" data-id=\"fdfd5e7\" data-element_type=\"column\">\n\t\t\t<div class=\"elementor-widget-wrap elementor-element-populated\">\n\t\t\t\t\t\t<div class=\"elementor-element elementor-element-ed21508 elementor-widget elementor-widget-heading\" data-id=\"ed21508\" data-element_type=\"widget\" data-widget_type=\"heading.default\">\n\t\t\t\t<div class=\"elementor-widget-container\">\n\t\t\t\t\t<h3 class=\"elementor-heading-title elementor-size-default\">Company<\/h3>\t\t\t\t<\/div>\n\t\t\t\t<\/div>\n\t\t\t\t<div class=\"elementor-element elementor-element-0c653d6 elementor-widget elementor-widget-text-editor\" data-id=\"0c653d6\" data-element_type=\"widget\" data-widget_type=\"text-editor.default\">\n\t\t\t\t<div class=\"elementor-widget-container\">\n\t\t\t\t\t\t\t\t\tWir sind ein traditioneller Hersteller von leistungsf\u00e4higen, langlebigen Maschinen und Konstruktionen f\u00fcr den kommunalen und industriellen Einsatz. Als Spezialist in der Verarbeitung von Stahl, hochwertigem Edelstahl und modernen Kunststoffen bieten wir \u00fcber die Auftragsfertigung hinaus auch technische Montage- und Serviceleistungen an.\t\t\t\t\t\t\t\t<\/div>\n\t\t\t\t<\/div>\n\t\t\t\t<div class=\"elementor-element elementor-element-7cd1013 elementor-vertical-align-top elementor-widget elementor-widget-image-box\" data-id=\"7cd1013\" data-element_type=\"widget\" data-widget_type=\"image-box.default\">\n\t\t\t\t<div class=\"elementor-widget-container\">\n\t\t\t\t\t<div class=\"elementor-image-box-wrapper\"><div class=\"elementor-image-box-content\"><div class=\"elementor-image-box-title\">Zielstrebig<\/div><p class=\"elementor-image-box-description\">Wir streben nach guter Leistung und einwandfreier Qualit\u00e4t. Ein sich st\u00e4ndig verbesserndes Qualit\u00e4tsmanagement und ein hohes Ma\u00df an Arbeitssicherheit geh\u00f6ren zum Selbstverst\u00e4ndnis des Unternehmens.<\/p><\/div><\/div>\t\t\t\t<\/div>\n\t\t\t\t<\/div>\n\t\t\t\t<div class=\"elementor-element elementor-element-ffd3a11 elementor-vertical-align-top elementor-widget elementor-widget-image-box\" data-id=\"ffd3a11\" data-element_type=\"widget\" data-widget_type=\"image-box.default\">\n\t\t\t\t<div class=\"elementor-widget-container\">\n\t\t\t\t\t<div class=\"elementor-image-box-wrapper\"><div class=\"elementor-image-box-content\"><div class=\"elementor-image-box-title\">fair<\/div><p class=\"elementor-image-box-description\">Uns sind Fairness und Ehrlichkeit im Umgang mit unseren Gesch\u00e4ftspartnern und Mitarbeitern wichtig. <\/p><\/div><\/div>\t\t\t\t<\/div>\n\t\t\t\t<\/div>\n\t\t\t\t<div class=\"elementor-element elementor-element-8f734a1 elementor-vertical-align-top elementor-widget elementor-widget-image-box\" data-id=\"8f734a1\" data-element_type=\"widget\" data-widget_type=\"image-box.default\">\n\t\t\t\t<div class=\"elementor-widget-container\">\n\t\t\t\t\t<div class=\"elementor-image-box-wrapper\"><div class=\"elementor-image-box-content\"><div class=\"elementor-image-box-title\">Nachhaltig<\/div><p class=\"elementor-image-box-description\">Wir verpflichten uns zur Gesetzestreue und es ist unser Ziel, bei allen T\u00e4tigkeiten die Ressourcen zu schonen und die Umwelt bestm\u00f6glich zu sch\u00fctzen.<\/p><\/div><\/div>\t\t\t\t<\/div>\n\t\t\t\t<\/div>\n\t\t\t\t\t<\/div>\n\t\t<\/div>\n\t\t\t\t<div class=\"elementor-column elementor-col-50 elementor-top-column elementor-element elementor-element-998c69d\" data-id=\"998c69d\" data-element_type=\"column\" data-settings=\"{&quot;background_background&quot;:&quot;classic&quot;}\">\n\t\t\t<div class=\"elementor-widget-wrap elementor-element-populated\">\n\t\t\t\t\t\t<div class=\"elementor-element elementor-element-39f3105 elementor-widget elementor-widget-spacer\" data-id=\"39f3105\" data-element_type=\"widget\" data-widget_type=\"spacer.default\">\n\t\t\t\t<div class=\"elementor-widget-container\">\n\t\t\t\t\t\t\t<div class=\"elementor-spacer\">\n\t\t\t<div class=\"elementor-spacer-inner\"><\/div>\n\t\t<\/div>\n\t\t\t\t\t\t<\/div>\n\t\t\t\t<\/div>\n\t\t\t\t\t<\/div>\n\t\t<\/div>\n\t\t\t\t\t<\/div>\n\t\t<\/section>\n\t\t\t\t<section class=\"elementor-section elementor-top-section elementor-element elementor-element-9f75707 elementor-section-boxed elementor-section-height-default elementor-section-height-default\" data-id=\"9f75707\" data-element_type=\"section\" data-settings=\"{&quot;background_background&quot;:&quot;classic&quot;}\">\n\t\t\t\t\t\t<div class=\"elementor-container elementor-column-gap-no\">\n\t\t\t\t\t<div class=\"elementor-column elementor-col-50 elementor-top-column elementor-element elementor-element-8a19c09\" data-id=\"8a19c09\" data-element_type=\"column\">\n\t\t\t<div class=\"elementor-widget-wrap elementor-element-populated\">\n\t\t\t\t\t\t<div class=\"elementor-element elementor-element-e8d84bf elementor-widget-tablet__width-auto elementor-widget-mobile__width-inherit elementor-widget elementor-widget-heading\" data-id=\"e8d84bf\" data-element_type=\"widget\" data-widget_type=\"heading.default\">\n\t\t\t\t<div class=\"elementor-widget-container\">\n\t\t\t\t\t<h3 class=\"elementor-heading-title elementor-size-default\">10+<\/h3>\t\t\t\t<\/div>\n\t\t\t\t<\/div>\n\t\t\t\t<div class=\"elementor-element elementor-element-4810fc5 elementor-widget-mobile__width-inherit elementor-widget elementor-widget-heading\" data-id=\"4810fc5\" data-element_type=\"widget\" data-widget_type=\"heading.default\">\n\t\t\t\t<div class=\"elementor-widget-container\">\n\t\t\t\t\t<h3 class=\"elementor-heading-title elementor-size-default\">Years of experience in working with machines and constructions<\/h3>\t\t\t\t<\/div>\n\t\t\t\t<\/div>\n\t\t\t\t\t<\/div>\n\t\t<\/div>\n\t\t\t\t<div class=\"elementor-column elementor-col-50 elementor-top-column elementor-element elementor-element-ad895d1\" data-id=\"ad895d1\" data-element_type=\"column\">\n\t\t\t<div class=\"elementor-widget-wrap elementor-element-populated\">\n\t\t\t\t\t\t<div class=\"elementor-element elementor-element-dcf1603 elementor-widget__width-initial elementor-widget-mobile__width-inherit elementor-widget elementor-widget-premium-counter\" data-id=\"dcf1603\" data-element_type=\"widget\" data-widget_type=\"premium-counter.default\">\n\t\t\t\t<div class=\"elementor-widget-container\">\n\t\t\t\t\t\r\n\t\t<div class=\"premium-counter premium-counter-area\" data-duration=\"3000\" data-from-value=\"0\" data-to-value=\"140\" data-delimiter=\",\" data-rounding=\"0\">\r\n\t\t\t\r\n\t\t<div class=\"premium-init-wrapper column\">\r\n\r\n\t\t\t<div class=\"premium-counter-value-wrap\">\r\n\t\t\t\t\r\n\t\t\t\t<span class=\"premium-counter-init\" id=\"counter-dcf1603\">0<\/span>\r\n\r\n\t\t\t\t\t\t\t\t\t<span id=\"suffix\" class=\"counter-su-pre\">+<\/span>\r\n\t\t\t\t\t\t\t<\/div>\r\n\r\n\t\t\t\t\t\t\t<div class=\"premium-counter-title\">\r\n\t\t\t\t\t<p class=\"premium-counter-title-val\">\r\n\t\t\t\t\t\tgefertigte Maschinen\t\t\t\t\t<\/p>\r\n\t\t\t\t\t\t\t\t\t<\/div>\r\n\t\t\t\t\t<\/div>\r\n\r\n\t\t\t\t<\/div>\r\n\r\n\t\t\t\t\t\t<\/div>\n\t\t\t\t<\/div>\n\t\t\t\t<div class=\"elementor-element elementor-element-b7feef8 elementor-widget__width-initial elementor-widget-mobile__width-inherit elementor-widget elementor-widget-premium-counter\" data-id=\"b7feef8\" data-element_type=\"widget\" data-widget_type=\"premium-counter.default\">\n\t\t\t\t<div class=\"elementor-widget-container\">\n\t\t\t\t\t\r\n\t\t<div class=\"premium-counter premium-counter-area\" data-duration=\"3000\" data-from-value=\"0\" data-to-value=\"80\" data-delimiter=\",\" data-rounding=\"0\">\r\n\t\t\t\r\n\t\t<div class=\"premium-init-wrapper column\">\r\n\r\n\t\t\t<div class=\"premium-counter-value-wrap\">\r\n\t\t\t\t\r\n\t\t\t\t<span class=\"premium-counter-init\" id=\"counter-b7feef8\">0<\/span>\r\n\r\n\t\t\t\t\t\t\t\t\t<span id=\"suffix\" class=\"counter-su-pre\">+<\/span>\r\n\t\t\t\t\t\t\t<\/div>\r\n\r\n\t\t\t\t\t\t\t<div class=\"premium-counter-title\">\r\n\t\t\t\t\t<p class=\"premium-counter-title-val\">\r\n\t\t\t\t\t\tMitarbeiter\t\t\t\t\t<\/p>\r\n\t\t\t\t\t\t\t\t\t<\/div>\r\n\t\t\t\t\t<\/div>\r\n\r\n\t\t\t\t<\/div>\r\n\r\n\t\t\t\t\t\t<\/div>\n\t\t\t\t<\/div>\n\t\t\t\t<div class=\"elementor-element elementor-element-1ee4aee elementor-widget__width-initial elementor-widget-mobile__width-inherit elementor-widget elementor-widget-premium-counter\" data-id=\"1ee4aee\" data-element_type=\"widget\" data-widget_type=\"premium-counter.default\">\n\t\t\t\t<div class=\"elementor-widget-container\">\n\t\t\t\t\t\r\n\t\t<div class=\"premium-counter premium-counter-area\" data-duration=\"3000\" data-from-value=\"0\" data-to-value=\"700\" data-delimiter=\",\" data-rounding=\"0\">\r\n\t\t\t\r\n\t\t<div class=\"premium-init-wrapper column\">\r\n\r\n\t\t\t<div class=\"premium-counter-value-wrap\">\r\n\t\t\t\t\r\n\t\t\t\t<span class=\"premium-counter-init\" id=\"counter-1ee4aee\">0<\/span>\r\n\r\n\t\t\t\t\t\t\t\t\t<span id=\"suffix\" class=\"counter-su-pre\">+<\/span>\r\n\t\t\t\t\t\t\t<\/div>\r\n\r\n\t\t\t\t\t\t\t<div class=\"premium-counter-title\">\r\n\t\t\t\t\t<p class=\"premium-counter-title-val\">\r\n\t\t\t\t\t\tsatisfied customers\t\t\t\t\t<\/p>\r\n\t\t\t\t\t\t\t\t\t<\/div>\r\n\t\t\t\t\t<\/div>\r\n\r\n\t\t\t\t<\/div>\r\n\r\n\t\t\t\t\t\t<\/div>\n\t\t\t\t<\/div>\n\t\t\t\t\t<\/div>\n\t\t<\/div>\n\t\t\t\t\t<\/div>\n\t\t<\/section>\n\t\t\t\t<section class=\"elementor-section elementor-top-section elementor-element elementor-element-3d5dee1 elementor-section-boxed elementor-section-height-default elementor-section-height-default\" data-id=\"3d5dee1\" data-element_type=\"section\" data-settings=\"{&quot;background_background&quot;:&quot;classic&quot;}\">\n\t\t\t\t\t\t<div class=\"elementor-container elementor-column-gap-no\">\n\t\t\t\t\t<div class=\"elementor-column elementor-col-50 elementor-top-column elementor-element elementor-element-7037a12\" data-id=\"7037a12\" data-element_type=\"column\">\n\t\t\t<div class=\"elementor-widget-wrap elementor-element-populated\">\n\t\t\t\t\t\t<div class=\"elementor-element elementor-element-04a6e7e elementor-widget elementor-widget-heading\" data-id=\"04a6e7e\" data-element_type=\"widget\" data-widget_type=\"heading.default\">\n\t\t\t\t<div class=\"elementor-widget-container\">\n\t\t\t\t\t<h2 class=\"elementor-heading-title elementor-size-default\">kontakt<\/h2>\t\t\t\t<\/div>\n\t\t\t\t<\/div>\n\t\t\t\t<div class=\"elementor-element elementor-element-5e58993 elementor-widget elementor-widget-heading\" data-id=\"5e58993\" data-element_type=\"widget\" data-widget_type=\"heading.default\">\n\t\t\t\t<div class=\"elementor-widget-container\">\n\t\t\t\t\t<h3 class=\"elementor-heading-title elementor-size-default\">Would you like to work with us?<\/h3>\t\t\t\t<\/div>\n\t\t\t\t<\/div>\n\t\t\t\t\t<\/div>\n\t\t<\/div>\n\t\t\t\t<div class=\"elementor-column elementor-col-50 elementor-top-column elementor-element elementor-element-012a50b\" data-id=\"012a50b\" data-element_type=\"column\">\n\t\t\t<div class=\"elementor-widget-wrap elementor-element-populated\">\n\t\t\t\t\t\t<section class=\"elementor-section elementor-inner-section elementor-element elementor-element-0fb260a elementor-section-boxed elementor-section-height-default elementor-section-height-default\" data-id=\"0fb260a\" data-element_type=\"section\">\n\t\t\t\t\t\t<div class=\"elementor-container elementor-column-gap-no\">\n\t\t\t\t\t<div class=\"elementor-column elementor-col-50 elementor-inner-column elementor-element elementor-element-5be668a\" data-id=\"5be668a\" data-element_type=\"column\">\n\t\t\t<div class=\"elementor-widget-wrap elementor-element-populated\">\n\t\t\t\t\t\t<div class=\"elementor-element elementor-element-ba77d0c elementor-widget elementor-widget-heading\" data-id=\"ba77d0c\" data-element_type=\"widget\" data-widget_type=\"heading.default\">\n\t\t\t\t<div class=\"elementor-widget-container\">\n\t\t\t\t\t<h5 class=\"elementor-heading-title elementor-size-default\">E-Mail<\/h5>\t\t\t\t<\/div>\n\t\t\t\t<\/div>\n\t\t\t\t<div class=\"elementor-element elementor-element-be3da70 elementor-widget elementor-widget-heading\" data-id=\"be3da70\" data-element_type=\"widget\" data-widget_type=\"heading.default\">\n\t\t\t\t<div class=\"elementor-widget-container\">\n\t\t\t\t\t<p class=\"elementor-heading-title elementor-size-default\">office@ginzler.com<\/p>\t\t\t\t<\/div>\n\t\t\t\t<\/div>\n\t\t\t\t\t<\/div>\n\t\t<\/div>\n\t\t\t\t<div class=\"elementor-column elementor-col-50 elementor-inner-column elementor-element elementor-element-060e8e0\" data-id=\"060e8e0\" data-element_type=\"column\">\n\t\t\t<div class=\"elementor-widget-wrap elementor-element-populated\">\n\t\t\t\t\t\t<div class=\"elementor-element elementor-element-aa391d4 elementor-widget elementor-widget-heading\" data-id=\"aa391d4\" data-element_type=\"widget\" data-widget_type=\"heading.default\">\n\t\t\t\t<div class=\"elementor-widget-container\">\n\t\t\t\t\t<h5 class=\"elementor-heading-title elementor-size-default\">Phone<\/h5>\t\t\t\t<\/div>\n\t\t\t\t<\/div>\n\t\t\t\t<div class=\"elementor-element elementor-element-63cfe18 elementor-widget elementor-widget-heading\" data-id=\"63cfe18\" data-element_type=\"widget\" data-widget_type=\"heading.default\">\n\t\t\t\t<div class=\"elementor-widget-container\">\n\t\t\t\t\t<p class=\"elementor-heading-title elementor-size-default\">+ 43 7472 \/ 62747 \u2013 0<\/p>\t\t\t\t<\/div>\n\t\t\t\t<\/div>\n\t\t\t\t\t<\/div>\n\t\t<\/div>\n\t\t\t\t\t<\/div>\n\t\t<\/section>\n\t\t\t\t<div class=\"elementor-element elementor-element-1f7e57a elementor-widget-divider--view-line elementor-widget elementor-widget-divider\" data-id=\"1f7e57a\" data-element_type=\"widget\" data-widget_type=\"divider.default\">\n\t\t\t\t<div class=\"elementor-widget-container\">\n\t\t\t\t\t\t\t<div class=\"elementor-divider\">\n\t\t\t<span class=\"elementor-divider-separator\">\n\t\t\t\t\t\t<\/span>\n\t\t<\/div>\n\t\t\t\t\t\t<\/div>\n\t\t\t\t<\/div>\n\t\t\t\t<section class=\"elementor-section elementor-inner-section elementor-element elementor-element-8e0eb7e elementor-section-boxed elementor-section-height-default elementor-section-height-default\" data-id=\"8e0eb7e\" data-element_type=\"section\">\n\t\t\t\t\t\t<div class=\"elementor-container elementor-column-gap-no\">\n\t\t\t\t\t<div class=\"elementor-column elementor-col-50 elementor-inner-column elementor-element elementor-element-fe3a7ad\" data-id=\"fe3a7ad\" data-element_type=\"column\">\n\t\t\t<div class=\"elementor-widget-wrap elementor-element-populated\">\n\t\t\t\t\t\t<div class=\"elementor-element elementor-element-8dff385 elementor-widget elementor-widget-heading\" data-id=\"8dff385\" data-element_type=\"widget\" data-widget_type=\"heading.default\">\n\t\t\t\t<div class=\"elementor-widget-container\">\n\t\t\t\t\t<h5 class=\"elementor-heading-title elementor-size-default\">Adress<\/h5>\t\t\t\t<\/div>\n\t\t\t\t<\/div>\n\t\t\t\t<div class=\"elementor-element elementor-element-f0ad6a4 elementor-widget elementor-widget-heading\" data-id=\"f0ad6a4\" data-element_type=\"widget\" data-widget_type=\"heading.default\">\n\t\t\t\t<div class=\"elementor-widget-container\">\n\t\t\t\t\t<p class=\"elementor-heading-title elementor-size-default\">Clemens-Holzmeister-Stra\u00dfe 3, 3300 Amstetten<\/p>\t\t\t\t<\/div>\n\t\t\t\t<\/div>\n\t\t\t\t\t<\/div>\n\t\t<\/div>\n\t\t\t\t<div class=\"elementor-column elementor-col-50 elementor-inner-column elementor-element elementor-element-389f8a8\" data-id=\"389f8a8\" data-element_type=\"column\">\n\t\t\t<div class=\"elementor-widget-wrap\">\n\t\t\t\t\t\t\t<\/div>\n\t\t<\/div>\n\t\t\t\t\t<\/div>\n\t\t<\/section>\n\t\t\t\t\t<\/div>\n\t\t<\/div>\n\t\t\t\t\t<\/div>\n\t\t<\/section>\n\t\t\t\t<\/div>","protected":false},"excerpt":{"rendered":"<p>Unternehmen Wir streben nach guter Leistung und einwandfreier Qualit\u00e4t. Wir sind ein traditioneller Hersteller von leistungsf\u00e4higen, langlebigen Maschinen und Konstruktionen. Unternehmen Wir sind ein traditioneller Hersteller von leistungsf\u00e4higen, langlebigen Maschinen und Konstruktionen f\u00fcr den kommunalen und industriellen Einsatz. Als Spezialist in der Verarbeitung von Stahl, hochwertigem Edelstahl und modernen Kunststoffen bieten wir \u00fcber die Auftragsfertigung [&hellip;]<\/p>","protected":false},"author":1,"featured_media":0,"parent":0,"menu_order":0,"comment_status":"closed","ping_status":"closed","template":"elementor_header_footer","meta":{"footnotes":""},"class_list":["post-629","page","type-page","status-publish","hentry"],"_links":{"self":[{"href":"https:\/\/www.ginzler.com\/en\/wp-json\/wp\/v2\/pages\/629","targetHints":{"allow":["GET"]}}],"collection":[{"href":"https:\/\/www.ginzler.com\/en\/wp-json\/wp\/v2\/pages"}],"about":[{"href":"https:\/\/www.ginzler.com\/en\/wp-json\/wp\/v2\/types\/page"}],"author":[{"embeddable":true,"href":"https:\/\/www.ginzler.com\/en\/wp-json\/wp\/v2\/users\/1"}],"replies":[{"embeddable":true,"href":"https:\/\/www.ginzler.com\/en\/wp-json\/wp\/v2\/comments?post=629"}],"version-history":[{"count":1,"href":"https:\/\/www.ginzler.com\/en\/wp-json\/wp\/v2\/pages\/629\/revisions"}],"predecessor-version":[{"id":630,"href":"https:\/\/www.ginzler.com\/en\/wp-json\/wp\/v2\/pages\/629\/revisions\/630"}],"wp:attachment":[{"href":"https:\/\/www.ginzler.com\/en\/wp-json\/wp\/v2\/media?parent=629"}],"curies":[{"name":"wp","href":"https:\/\/api.w.org\/{rel}","templated":true}]}}