{"id":361,"date":"2025-01-22T13:03:00","date_gmt":"2025-01-22T12:03:00","guid":{"rendered":"https:\/\/ginzler.werbedrogerie.at\/?page_id=361"},"modified":"2025-03-10T10:27:50","modified_gmt":"2025-03-10T09:27:50","slug":"laengsraeumer","status":"publish","type":"page","link":"https:\/\/www.ginzler.com\/en\/produkte-services\/laengsraeumer\/","title":{"rendered":"Longitudinal scraper"},"content":{"rendered":"<div data-elementor-type=\"wp-page\" data-elementor-id=\"361\" class=\"elementor elementor-361\" data-elementor-post-type=\"page\">\n\t\t\t\t<div class=\"elementor-element elementor-element-4a25eda e-flex e-con-boxed e-con e-parent\" data-id=\"4a25eda\" data-element_type=\"container\">\n\t\t\t\t\t<div class=\"e-con-inner\">\n\t\t<div class=\"elementor-element elementor-element-333949c e-con-full e-flex e-con e-child\" data-id=\"333949c\" data-element_type=\"container\">\n\t\t\t\t<div class=\"elementor-element elementor-element-170d67c elementor-widget elementor-widget-heading\" data-id=\"170d67c\" data-element_type=\"widget\" data-widget_type=\"heading.default\">\n\t\t\t\t<div class=\"elementor-widget-container\">\n\t\t\t\t\t<h2 class=\"elementor-heading-title elementor-size-default\">L\u00c4NGSR\u00c4UMER<\/h2>\t\t\t\t<\/div>\n\t\t\t\t<\/div>\n\t\t\t\t<div class=\"elementor-element elementor-element-38a2523 elementor-widget elementor-widget-text-editor\" data-id=\"38a2523\" data-element_type=\"widget\" data-widget_type=\"text-editor.default\">\n\t\t\t\t<div class=\"elementor-widget-container\">\n\t\t\t\t\t\t\t\t\t<p>R\u00e4umsysteme dienen der kontinuierlichen und vollautomatischen R\u00e4umung von Schl\u00e4mmen in Absetzbecken. Die R\u00e4umeinrichtungen erm\u00f6glichen eine Abtrennung von Absetz- und Schwimmstoffen vom Beckenboden und von der Wasseroberfl\u00e4che, ohne dabei den Absetzvorgang nachteilig zu beeinflussen.<\/p><p>Die R\u00e4umerbr\u00fccken werden standardm\u00e4\u00dfig als Vollwandkonstruktion, bzw. je nach Einsatzanforderung auch als Profilstahlkonstruktion gefertigt.<\/p>\t\t\t\t\t\t\t\t<\/div>\n\t\t\t\t<\/div>\n\t\t\t\t<\/div>\n\t\t<div class=\"elementor-element elementor-element-581bae4 e-con-full e-flex e-con e-child\" data-id=\"581bae4\" data-element_type=\"container\">\n\t\t\t\t<div class=\"elementor-element elementor-element-734f410 elementor-widget elementor-widget-image\" data-id=\"734f410\" data-element_type=\"widget\" data-widget_type=\"image.default\">\n\t\t\t\t<div class=\"elementor-widget-container\">\n\t\t\t\t\t\t\t\t\t\t\t\t\t\t\t<img decoding=\"async\" src=\"https:\/\/www.ginzler.com\/wp-content\/uploads\/elementor\/thumbs\/produkt-r6pimqc2ml2uejgtgdp3pyruqo6hlivzzda8tx3r00.jpg\" title=\"produkt\" alt=\"produkt\" loading=\"lazy\" \/>\t\t\t\t\t\t\t\t\t\t\t\t\t\t\t<\/div>\n\t\t\t\t<\/div>\n\t\t\t\t<\/div>\n\t\t\t\t\t<\/div>\n\t\t\t\t<\/div>\n\t\t<div class=\"elementor-element elementor-element-0455ca4 e-flex e-con-boxed e-con e-parent\" data-id=\"0455ca4\" data-element_type=\"container\">\n\t\t\t\t\t<div class=\"e-con-inner\">\n\t\t\t\t<div class=\"elementor-element elementor-element-9f80ea5 elementor-widget-divider--view-line elementor-widget elementor-widget-divider\" data-id=\"9f80ea5\" data-element_type=\"widget\" data-widget_type=\"divider.default\">\n\t\t\t\t<div class=\"elementor-widget-container\">\n\t\t\t\t\t\t\t<div class=\"elementor-divider\">\n\t\t\t<span class=\"elementor-divider-separator\">\n\t\t\t\t\t\t<\/span>\n\t\t<\/div>\n\t\t\t\t\t\t<\/div>\n\t\t\t\t<\/div>\n\t\t\t\t\t<\/div>\n\t\t\t\t<\/div>\n\t\t\t\t<section class=\"elementor-section elementor-top-section elementor-element elementor-element-5305689d elementor-section-boxed elementor-section-height-default elementor-section-height-default\" data-id=\"5305689d\" data-element_type=\"section\">\n\t\t\t\t\t\t<div class=\"elementor-container elementor-column-gap-no\">\n\t\t\t\t\t<div class=\"elementor-column elementor-col-100 elementor-top-column elementor-element elementor-element-250e8058\" data-id=\"250e8058\" data-element_type=\"column\">\n\t\t\t<div class=\"elementor-widget-wrap elementor-element-populated\">\n\t\t\t\t\t\t<div class=\"elementor-element elementor-element-ca1779a elementor-grid-3 elementor-grid-tablet-2 elementor-grid-mobile-1 elementor-widget elementor-widget-loop-grid\" data-id=\"ca1779a\" data-element_type=\"widget\" data-settings=\"{&quot;template_id&quot;:&quot;371&quot;,&quot;_skin&quot;:&quot;post&quot;,&quot;columns&quot;:&quot;3&quot;,&quot;columns_tablet&quot;:&quot;2&quot;,&quot;columns_mobile&quot;:&quot;1&quot;,&quot;edit_handle_selector&quot;:&quot;[data-elementor-type=\\&quot;loop-item\\&quot;]&quot;,&quot;row_gap&quot;:{&quot;unit&quot;:&quot;px&quot;,&quot;size&quot;:&quot;&quot;,&quot;sizes&quot;:[]},&quot;row_gap_laptop&quot;:{&quot;unit&quot;:&quot;px&quot;,&quot;size&quot;:&quot;&quot;,&quot;sizes&quot;:[]},&quot;row_gap_tablet&quot;:{&quot;unit&quot;:&quot;px&quot;,&quot;size&quot;:&quot;&quot;,&quot;sizes&quot;:[]},&quot;row_gap_mobile&quot;:{&quot;unit&quot;:&quot;px&quot;,&quot;size&quot;:&quot;&quot;,&quot;sizes&quot;:[]}}\" data-widget_type=\"loop-grid.post\">\n\t\t\t\t<div class=\"elementor-widget-container\">\n\t\t\t\t\t\t\t<div class=\"elementor-loop-container elementor-grid\">\n\t\t<style id=\"loop-371\">.elementor-371 .elementor-element.elementor-element-6590dfa9{--display:flex;--min-height:484px;--flex-direction:column;--container-widget-width:100%;--container-widget-height:initial;--container-widget-flex-grow:0;--container-widget-align-self:initial;--flex-wrap-mobile:wrap;--gap:20px 20px;--row-gap:20px;--column-gap:20px;border-style:solid;--border-style:solid;border-width:0px 0px 05px 0px;--border-top-width:0px;--border-right-width:0px;--border-bottom-width:05px;--border-left-width:0px;border-color:var( --e-global-color-primary );--border-color:var( --e-global-color-primary );--border-radius:0px 0px 0px 0px;--padding-top:30px;--padding-bottom:30px;--padding-left:30px;--padding-right:30px;}.elementor-371 .elementor-element.elementor-element-6590dfa9:not(.elementor-motion-effects-element-type-background), .elementor-371 .elementor-element.elementor-element-6590dfa9 > .elementor-motion-effects-container > .elementor-motion-effects-layer{background-color:var( --e-global-color-1304138 );}.elementor-371 .elementor-element.elementor-element-13a098e0{--display:flex;--flex-direction:column;--container-widget-width:100%;--container-widget-height:initial;--container-widget-flex-grow:0;--container-widget-align-self:initial;--flex-wrap-mobile:wrap;--justify-content:space-between;--margin-top:0px;--margin-bottom:0px;--margin-left:0px;--margin-right:0px;--padding-top:0px;--padding-bottom:0px;--padding-left:0px;--padding-right:0px;}.elementor-371 .elementor-element.elementor-element-82b791b{--display:flex;--justify-content:flex-start;--padding-top:0px;--padding-bottom:0px;--padding-left:0px;--padding-right:0px;}.elementor-371 .elementor-element.elementor-element-2db2471f img{width:100%;}.elementor-371 .elementor-element.elementor-element-42b1a745 .elementor-heading-title{font-family:var( --e-global-typography-d2e2c3b-font-family ), Sans-serif;font-size:var( --e-global-typography-d2e2c3b-font-size );font-weight:var( --e-global-typography-d2e2c3b-font-weight );text-transform:var( --e-global-typography-d2e2c3b-text-transform );font-style:var( --e-global-typography-d2e2c3b-font-style );text-decoration:var( --e-global-typography-d2e2c3b-text-decoration );line-height:var( --e-global-typography-d2e2c3b-line-height );letter-spacing:var( --e-global-typography-d2e2c3b-letter-spacing );word-spacing:var( --e-global-typography-d2e2c3b-word-spacing );color:#1E1E1E;}.elementor-371 .elementor-element.elementor-element-ecf91dd{--display:flex;--justify-content:flex-end;--padding-top:0px;--padding-bottom:0px;--padding-left:0px;--padding-right:0px;}.elementor-371 .elementor-element.elementor-element-befcb6a > .elementor-widget-container{padding:0px 0px 0px 0px;}.elementor-371 .elementor-element.elementor-element-befcb6a.elementor-element{--order:99999 \/* order end hack *\/;}.elementor-371 .elementor-element.elementor-element-befcb6a .elementor-button{font-family:var( --e-global-typography-3654830-font-family ), Sans-serif;font-size:var( --e-global-typography-3654830-font-size );font-weight:var( --e-global-typography-3654830-font-weight );text-transform:var( --e-global-typography-3654830-text-transform );line-height:var( --e-global-typography-3654830-line-height );letter-spacing:var( --e-global-typography-3654830-letter-spacing );fill:var( --e-global-color-dc3f30f );color:var( --e-global-color-dc3f30f );}@media(max-width:1366px){.elementor-371 .elementor-element.elementor-element-42b1a745 .elementor-heading-title{font-size:var( --e-global-typography-d2e2c3b-font-size );line-height:var( --e-global-typography-d2e2c3b-line-height );letter-spacing:var( --e-global-typography-d2e2c3b-letter-spacing );word-spacing:var( --e-global-typography-d2e2c3b-word-spacing );}.elementor-371 .elementor-element.elementor-element-befcb6a .elementor-button{font-size:var( --e-global-typography-3654830-font-size );line-height:var( --e-global-typography-3654830-line-height );letter-spacing:var( --e-global-typography-3654830-letter-spacing );}}@media(min-width:768px){.elementor-371 .elementor-element.elementor-element-6590dfa9{--content-width:424px;}}@media(max-width:1024px) and (min-width:768px){.elementor-371 .elementor-element.elementor-element-6590dfa9{--content-width:400px;}}@media(max-width:1024px){.elementor-371 .elementor-element.elementor-element-6590dfa9{--justify-content:space-between;}.elementor-371 .elementor-element.elementor-element-13a098e0{--justify-content:flex-start;--gap:20px 20px;--row-gap:20px;--column-gap:20px;--margin-top:0px;--margin-bottom:20px;--margin-left:0px;--margin-right:0px;}.elementor-371 .elementor-element.elementor-element-2db2471f img{height:380px;}.elementor-371 .elementor-element.elementor-element-42b1a745 > .elementor-widget-container{padding:0% 1% 0% 0%;}.elementor-371 .elementor-element.elementor-element-42b1a745 .elementor-heading-title{font-size:var( --e-global-typography-d2e2c3b-font-size );line-height:var( --e-global-typography-d2e2c3b-line-height );letter-spacing:var( --e-global-typography-d2e2c3b-letter-spacing );word-spacing:var( --e-global-typography-d2e2c3b-word-spacing );}.elementor-371 .elementor-element.elementor-element-befcb6a .elementor-button{font-size:var( --e-global-typography-3654830-font-size );line-height:var( --e-global-typography-3654830-line-height );letter-spacing:var( --e-global-typography-3654830-letter-spacing );}}@media(max-width:767px){.elementor-371 .elementor-element.elementor-element-6590dfa9{--content-width:500px;}.elementor-371 .elementor-element.elementor-element-2db2471f img{height:410px;}.elementor-371 .elementor-element.elementor-element-42b1a745 > .elementor-widget-container{padding:0% 7% 0% 7%;}.elementor-371 .elementor-element.elementor-element-42b1a745{text-align:center;}.elementor-371 .elementor-element.elementor-element-42b1a745 .elementor-heading-title{font-size:var( --e-global-typography-d2e2c3b-font-size );line-height:var( --e-global-typography-d2e2c3b-line-height );letter-spacing:var( --e-global-typography-d2e2c3b-letter-spacing );word-spacing:var( --e-global-typography-d2e2c3b-word-spacing );}.elementor-371 .elementor-element.elementor-element-befcb6a .elementor-button{font-size:var( --e-global-typography-3654830-font-size );line-height:var( --e-global-typography-3654830-line-height );letter-spacing:var( --e-global-typography-3654830-letter-spacing );}}<\/style>\t\t<div data-elementor-type=\"loop-item\" data-elementor-id=\"371\" class=\"elementor elementor-371 e-loop-item e-loop-item-336 post-336 post type-post status-publish format-standard has-post-thumbnail hentry category-laengsraeumer\" data-elementor-post-type=\"elementor_library\" data-custom-edit-handle=\"1\">\n\t\t\t<div class=\"elementor-element elementor-element-6590dfa9 e-flex e-con-boxed e-con e-parent\" data-id=\"6590dfa9\" data-element_type=\"container\" data-settings=\"{&quot;background_background&quot;:&quot;classic&quot;}\">\n\t\t\t\t\t<div class=\"e-con-inner\">\n\t\t<div class=\"elementor-element elementor-element-13a098e0 e-flex e-con-boxed e-con e-child\" data-id=\"13a098e0\" data-element_type=\"container\">\n\t\t\t\t\t<div class=\"e-con-inner\">\n\t\t<div class=\"elementor-element elementor-element-82b791b e-con-full e-flex e-con e-child\" data-id=\"82b791b\" data-element_type=\"container\">\n\t\t\t\t<div class=\"elementor-element elementor-element-2db2471f elementor-widget elementor-widget-theme-post-featured-image elementor-widget-image\" data-id=\"2db2471f\" data-element_type=\"widget\" data-widget_type=\"theme-post-featured-image.default\">\n\t\t\t\t<div class=\"elementor-widget-container\">\n\t\t\t\t\t\t\t\t\t\t\t\t\t\t\t<img decoding=\"async\" src=\"https:\/\/www.ginzler.com\/wp-content\/uploads\/elementor\/thumbs\/produkt3-r6pimqc2ml2uejgtgdp3pyruqo6hlivzzda8tx3r00.jpg\" title=\"produkt3\" alt=\"produkt3\" loading=\"lazy\" \/>\t\t\t\t\t\t\t\t\t\t\t\t\t\t\t<\/div>\n\t\t\t\t<\/div>\n\t\t\t\t<div class=\"elementor-element elementor-element-42b1a745 elementor-widget elementor-widget-theme-post-title elementor-page-title elementor-widget-heading\" data-id=\"42b1a745\" data-element_type=\"widget\" data-widget_type=\"theme-post-title.default\">\n\t\t\t\t<div class=\"elementor-widget-container\">\n\t\t\t\t\t<h4 class=\"elementor-heading-title elementor-size-default\">Rinnenschieber<\/h4>\t\t\t\t<\/div>\n\t\t\t\t<\/div>\n\t\t\t\t<\/div>\n\t\t<div class=\"elementor-element elementor-element-ecf91dd e-con-full e-flex e-con e-child\" data-id=\"ecf91dd\" data-element_type=\"container\">\n\t\t\t\t<div class=\"elementor-element elementor-element-befcb6a elementor-widget elementor-widget-button\" data-id=\"befcb6a\" data-element_type=\"widget\" data-widget_type=\"button.default\">\n\t\t\t\t<div class=\"elementor-widget-container\">\n\t\t\t\t\t\t\t\t\t<div class=\"elementor-button-wrapper\">\n\t\t\t\t\t<a class=\"elementor-button elementor-button-link elementor-size-sm\" href=\"https:\/\/www.ginzler.com\/en\/rinnenschieber\/\">\n\t\t\t\t\t\t<span class=\"elementor-button-content-wrapper\">\n\t\t\t\t\t\t\t\t\t<span class=\"elementor-button-text\">zum produkt<\/span>\n\t\t\t\t\t<\/span>\n\t\t\t\t\t<\/a>\n\t\t\t\t<\/div>\n\t\t\t\t\t\t\t\t<\/div>\n\t\t\t\t<\/div>\n\t\t\t\t<\/div>\n\t\t\t\t\t<\/div>\n\t\t\t\t<\/div>\n\t\t\t\t\t<\/div>\n\t\t\t\t<\/div>\n\t\t\t\t<\/div>\n\t\t\t\t<div data-elementor-type=\"loop-item\" data-elementor-id=\"371\" class=\"elementor elementor-371 e-loop-item e-loop-item-310 post-310 post type-post status-publish format-standard has-post-thumbnail hentry category-laengsraeumer\" data-elementor-post-type=\"elementor_library\" data-custom-edit-handle=\"1\">\n\t\t\t<div class=\"elementor-element elementor-element-6590dfa9 e-flex e-con-boxed e-con e-parent\" data-id=\"6590dfa9\" data-element_type=\"container\" data-settings=\"{&quot;background_background&quot;:&quot;classic&quot;}\">\n\t\t\t\t\t<div class=\"e-con-inner\">\n\t\t<div class=\"elementor-element elementor-element-13a098e0 e-flex e-con-boxed e-con e-child\" data-id=\"13a098e0\" data-element_type=\"container\">\n\t\t\t\t\t<div class=\"e-con-inner\">\n\t\t<div class=\"elementor-element elementor-element-82b791b e-con-full e-flex e-con e-child\" data-id=\"82b791b\" data-element_type=\"container\">\n\t\t\t\t<div class=\"elementor-element elementor-element-2db2471f elementor-widget elementor-widget-theme-post-featured-image elementor-widget-image\" data-id=\"2db2471f\" data-element_type=\"widget\" data-widget_type=\"theme-post-featured-image.default\">\n\t\t\t\t<div class=\"elementor-widget-container\">\n\t\t\t\t\t\t\t\t\t\t\t\t\t\t\t<img decoding=\"async\" src=\"https:\/\/www.ginzler.com\/wp-content\/uploads\/elementor\/thumbs\/produkt2-r6pimqc2ml2uejgtgdp3pyruqo6hlivzzda8tx3r00.jpg\" title=\"produkt2\" alt=\"produkt2\" loading=\"lazy\" \/>\t\t\t\t\t\t\t\t\t\t\t\t\t\t\t<\/div>\n\t\t\t\t<\/div>\n\t\t\t\t<div class=\"elementor-element elementor-element-42b1a745 elementor-widget elementor-widget-theme-post-title elementor-page-title elementor-widget-heading\" data-id=\"42b1a745\" data-element_type=\"widget\" data-widget_type=\"theme-post-title.default\">\n\t\t\t\t<div class=\"elementor-widget-container\">\n\t\t\t\t\t<h4 class=\"elementor-heading-title elementor-size-default\">Ablaufrinne<\/h4>\t\t\t\t<\/div>\n\t\t\t\t<\/div>\n\t\t\t\t<\/div>\n\t\t<div class=\"elementor-element elementor-element-ecf91dd e-con-full e-flex e-con e-child\" data-id=\"ecf91dd\" data-element_type=\"container\">\n\t\t\t\t<div class=\"elementor-element elementor-element-befcb6a elementor-widget elementor-widget-button\" data-id=\"befcb6a\" data-element_type=\"widget\" data-widget_type=\"button.default\">\n\t\t\t\t<div class=\"elementor-widget-container\">\n\t\t\t\t\t\t\t\t\t<div class=\"elementor-button-wrapper\">\n\t\t\t\t\t<a class=\"elementor-button elementor-button-link elementor-size-sm\" href=\"https:\/\/www.ginzler.com\/en\/ablaufrinne\/\">\n\t\t\t\t\t\t<span class=\"elementor-button-content-wrapper\">\n\t\t\t\t\t\t\t\t\t<span class=\"elementor-button-text\">zum produkt<\/span>\n\t\t\t\t\t<\/span>\n\t\t\t\t\t<\/a>\n\t\t\t\t<\/div>\n\t\t\t\t\t\t\t\t<\/div>\n\t\t\t\t<\/div>\n\t\t\t\t<\/div>\n\t\t\t\t\t<\/div>\n\t\t\t\t<\/div>\n\t\t\t\t\t<\/div>\n\t\t\t\t<\/div>\n\t\t\t\t<\/div>\n\t\t\t\t<div data-elementor-type=\"loop-item\" data-elementor-id=\"371\" class=\"elementor elementor-371 e-loop-item e-loop-item-1 post-1 post type-post status-publish format-standard has-post-thumbnail hentry category-laengsraeumer\" data-elementor-post-type=\"elementor_library\" data-custom-edit-handle=\"1\">\n\t\t\t<div class=\"elementor-element elementor-element-6590dfa9 e-flex e-con-boxed e-con e-parent\" data-id=\"6590dfa9\" data-element_type=\"container\" data-settings=\"{&quot;background_background&quot;:&quot;classic&quot;}\">\n\t\t\t\t\t<div class=\"e-con-inner\">\n\t\t<div class=\"elementor-element elementor-element-13a098e0 e-flex e-con-boxed e-con e-child\" data-id=\"13a098e0\" data-element_type=\"container\">\n\t\t\t\t\t<div class=\"e-con-inner\">\n\t\t<div class=\"elementor-element elementor-element-82b791b e-con-full e-flex e-con e-child\" data-id=\"82b791b\" data-element_type=\"container\">\n\t\t\t\t<div class=\"elementor-element elementor-element-2db2471f elementor-widget elementor-widget-theme-post-featured-image elementor-widget-image\" data-id=\"2db2471f\" data-element_type=\"widget\" data-widget_type=\"theme-post-featured-image.default\">\n\t\t\t\t<div class=\"elementor-widget-container\">\n\t\t\t\t\t\t\t\t\t\t\t\t\t\t\t<img decoding=\"async\" src=\"https:\/\/www.ginzler.com\/wp-content\/uploads\/elementor\/thumbs\/produkt1-r6pimqc2ml2uejgtgdp3pyruqo6hlivzzda8tx3r00.jpg\" title=\"produkt1\" alt=\"produkt1\" loading=\"lazy\" \/>\t\t\t\t\t\t\t\t\t\t\t\t\t\t\t<\/div>\n\t\t\t\t<\/div>\n\t\t\t\t<div class=\"elementor-element elementor-element-42b1a745 elementor-widget elementor-widget-theme-post-title elementor-page-title elementor-widget-heading\" data-id=\"42b1a745\" data-element_type=\"widget\" data-widget_type=\"theme-post-title.default\">\n\t\t\t\t<div class=\"elementor-widget-container\">\n\t\t\t\t\t<h4 class=\"elementor-heading-title elementor-size-default\">L\u00e4ngsr\u00e4umer mit Saugeinrichtung mittels Hydraulischem Heber<\/h4>\t\t\t\t<\/div>\n\t\t\t\t<\/div>\n\t\t\t\t<\/div>\n\t\t<div class=\"elementor-element elementor-element-ecf91dd e-con-full e-flex e-con e-child\" data-id=\"ecf91dd\" data-element_type=\"container\">\n\t\t\t\t<div class=\"elementor-element elementor-element-befcb6a elementor-widget elementor-widget-button\" data-id=\"befcb6a\" data-element_type=\"widget\" data-widget_type=\"button.default\">\n\t\t\t\t<div class=\"elementor-widget-container\">\n\t\t\t\t\t\t\t\t\t<div class=\"elementor-button-wrapper\">\n\t\t\t\t\t<a class=\"elementor-button elementor-button-link elementor-size-sm\" href=\"https:\/\/www.ginzler.com\/en\/laengsraeumer-mit-saugeinrichtung-mittels-hydraulischem-heber\/\">\n\t\t\t\t\t\t<span class=\"elementor-button-content-wrapper\">\n\t\t\t\t\t\t\t\t\t<span class=\"elementor-button-text\">zum produkt<\/span>\n\t\t\t\t\t<\/span>\n\t\t\t\t\t<\/a>\n\t\t\t\t<\/div>\n\t\t\t\t\t\t\t\t<\/div>\n\t\t\t\t<\/div>\n\t\t\t\t<\/div>\n\t\t\t\t\t<\/div>\n\t\t\t\t<\/div>\n\t\t\t\t\t<\/div>\n\t\t\t\t<\/div>\n\t\t\t\t<\/div>\n\t\t\t\t<\/div>\n\t\t\n\t\t\t\t\t\t<\/div>\n\t\t\t\t<\/div>\n\t\t\t\t\t<\/div>\n\t\t<\/div>\n\t\t\t\t\t<\/div>\n\t\t<\/section>\n\t\t\t\t<\/div>","protected":false},"excerpt":{"rendered":"<p>L\u00c4NGSR\u00c4UMER R\u00e4umsysteme dienen der kontinuierlichen und vollautomatischen R\u00e4umung von Schl\u00e4mmen in Absetzbecken. Die R\u00e4umeinrichtungen erm\u00f6glichen eine Abtrennung von Absetz- und Schwimmstoffen vom Beckenboden und von der Wasseroberfl\u00e4che, ohne dabei den Absetzvorgang nachteilig zu beeinflussen. Die R\u00e4umerbr\u00fccken werden standardm\u00e4\u00dfig als Vollwandkonstruktion, bzw. je nach Einsatzanforderung auch als Profilstahlkonstruktion gefertigt.<\/p>","protected":false},"author":1,"featured_media":0,"parent":339,"menu_order":0,"comment_status":"closed","ping_status":"closed","template":"elementor_header_footer","meta":{"footnotes":""},"class_list":["post-361","page","type-page","status-publish","hentry"],"_links":{"self":[{"href":"https:\/\/www.ginzler.com\/en\/wp-json\/wp\/v2\/pages\/361","targetHints":{"allow":["GET"]}}],"collection":[{"href":"https:\/\/www.ginzler.com\/en\/wp-json\/wp\/v2\/pages"}],"about":[{"href":"https:\/\/www.ginzler.com\/en\/wp-json\/wp\/v2\/types\/page"}],"author":[{"embeddable":true,"href":"https:\/\/www.ginzler.com\/en\/wp-json\/wp\/v2\/users\/1"}],"replies":[{"embeddable":true,"href":"https:\/\/www.ginzler.com\/en\/wp-json\/wp\/v2\/comments?post=361"}],"version-history":[{"count":30,"href":"https:\/\/www.ginzler.com\/en\/wp-json\/wp\/v2\/pages\/361\/revisions"}],"predecessor-version":[{"id":878,"href":"https:\/\/www.ginzler.com\/en\/wp-json\/wp\/v2\/pages\/361\/revisions\/878"}],"up":[{"embeddable":true,"href":"https:\/\/www.ginzler.com\/en\/wp-json\/wp\/v2\/pages\/339"}],"wp:attachment":[{"href":"https:\/\/www.ginzler.com\/en\/wp-json\/wp\/v2\/media?parent=361"}],"curies":[{"name":"wp","href":"https:\/\/api.w.org\/{rel}","templated":true}]}}